{"id":1640,"date":"2020-04-02T15:14:25","date_gmt":"2020-04-02T19:14:25","guid":{"rendered":"http:\/\/casadeli.llevitate.com\/las-terrenas\/"},"modified":"2020-04-02T15:43:16","modified_gmt":"2020-04-02T19:43:16","slug":"las-terrenas","status":"publish","type":"page","link":"https:\/\/www.guesthouselasterrenas.com\/es\/las-terrenas\/","title":{"rendered":"Las Terrenas"},"content":{"rendered":"<p>[et_pb_section fb_built=&#8221;1&#8243; admin_label=&#8221;Header&#8221; _builder_version=&#8221;4.4.0&#8243; background_color_gradient_direction=&#8221;90deg&#8221; background_image=&#8221;https:\/\/www.guesthouselasterrenas.com\/wp-content\/uploads\/2020\/03\/Las_terrenas_casadeli3.jpeg&#8221; background_position=&#8221;bottom_center&#8221; custom_margin=&#8221;|||&#8221; custom_padding=&#8221;8vw||8vw||true&#8221;][et_pb_row _builder_version=&#8221;4.4.0&#8243;][et_pb_column type=&#8221;4_4&#8243; _builder_version=&#8221;3.25&#8243; custom_padding=&#8221;|||&#8221; custom_padding__hover=&#8221;|||&#8221;][et_pb_text _builder_version=&#8221;4.4.0&#8243; text_font=&#8221;||||||||&#8221; text_text_color=&#8221;#ffffff&#8221; header_font=&#8221;Raleway|700|||||||&#8221; header_font_size=&#8221;80px&#8221; header_line_height=&#8221;1.2em&#8221; header_5_font=&#8221;Raleway|700||on|||||&#8221; header_5_text_color=&#8221;#000000&#8243; header_5_font_size=&#8221;20px&#8221; header_5_letter_spacing=&#8221;0.5em&#8221; header_5_line_height=&#8221;1.8em&#8221; background_layout=&#8221;dark&#8221; header_font_size_tablet=&#8221;48px&#8221; header_font_size_phone=&#8221;32px&#8221; header_font_size_last_edited=&#8221;on|phone&#8221; header_5_font_size_tablet=&#8221;14px&#8221; header_5_font_size_phone=&#8221;12px&#8221; header_5_font_size_last_edited=&#8221;on|desktop&#8221; text_text_shadow_style=&#8221;preset2&#8243; text_text_shadow_color=&#8221;#000000&#8243;]<\/p>\n<h5><span style=\"color: #ffffff\">Bienvenido a <\/span><\/h5>\n<h1><strong>Las Terrenas<\/strong><\/h1>\n<p>[\/et_pb_text][\/et_pb_column][\/et_pb_row][\/et_pb_section][et_pb_section fb_built=&#8221;1&#8243; admin_label=&#8221;About&#8221; _builder_version=&#8221;3.22&#8243; custom_margin=&#8221;||-3px|||&#8221; custom_padding=&#8221;||5px|||&#8221;][et_pb_row custom_padding_last_edited=&#8221;on|desktop&#8221; _builder_version=&#8221;3.25&#8243; custom_padding=&#8221;27px|100px|27px|100px|false|false&#8221; custom_padding_tablet=&#8221;|0px||0px||true&#8221; custom_padding_phone=&#8221;&#8221;][et_pb_column type=&#8221;4_4&#8243; _builder_version=&#8221;3.25&#8243; custom_padding=&#8221;|||&#8221; custom_padding__hover=&#8221;|||&#8221;][et_pb_text _builder_version=&#8221;4.4.0&#8243; text_font=&#8221;||||||||&#8221; text_font_size=&#8221;16px&#8221; text_line_height=&#8221;2em&#8221; header_font=&#8221;||||||||&#8221; header_2_font=&#8221;Raleway|700|||||||&#8221; header_2_font_size=&#8221;50px&#8221; header_2_line_height=&#8221;1.2em&#8221; header_6_font=&#8221;Raleway|700||on|||||&#8221; header_6_font_size=&#8221;16px&#8221; header_6_letter_spacing=&#8221;5px&#8221; header_6_line_height=&#8221;1.8em&#8221; text_orientation=&#8221;center&#8221; max_width=&#8221;700px&#8221; max_width_last_edited=&#8221;off|desktop&#8221; module_alignment=&#8221;center&#8221; header_2_font_size_tablet=&#8221;35px&#8221; header_2_font_size_phone=&#8221;25px&#8221; header_2_font_size_last_edited=&#8221;on|phone&#8221;]<\/p>\n<h2><b>La Costa Norte de<br \/> La<\/b><b> Pen\u00ednsula de Saman\u00e1<\/b><\/h2>\n<p style=\"text-align: justify\">En los a\u00f1os ochenta, Las Terrenas era un peque\u00f1o pueblo de pescadores, rodeado por amplias colinas y el oc\u00e9ano. Este lugar se abri\u00f3 al turismo despu\u00e9s de la llegada de la electricidad hace 10 a\u00f1os. Es un para\u00edso, un lugar \u00fanico en el Caribe, el \u00fanico lugar que ofrece 30 km de playas v\u00edrgenes, con arena blanca y fina, rodeadas de cocoteros.<\/p>\n<p style=\"text-align: justify\">La exuberante vegetaci\u00f3n silvestre ofrece una variedad de \u00e1rboles tropicales que no se encuentran en ning\u00fan otro lugar. Ciertas playas est\u00e1n protegidas por varios arrecifes de coral, formando muchas peque\u00f1as lagunas de aguas planas verdes y azules. En ciertas \u00e9pocas del a\u00f1o, las playas son ba\u00f1adas por rodillos que permiten la pr\u00e1ctica del surf, el kitesurf y el wakeboard.<\/p>\n<p style=\"text-align: justify\">Las playas de la Rep\u00fablica Dominicana son numerosas, y se puede navegar en un entorno precioso y, con un poco de suerte, se pueden ver ballenas jorobadas, delfines, manat\u00edes y tortugas&#8230;<\/p>\n<p style=\"text-align: justify\">Las ballenas se reproducen en las aguas templadas de la bah\u00eda de Saman\u00e1 entre enero y marzo. Los instructores que acompa\u00f1an esos viajes son profesionales que conocen el pa\u00eds y sus puntos navegables desde hace m\u00e1s de 15 a\u00f1os. Las excursiones se planifican seg\u00fan el nivel de los participantes (no se sugiere para principiantes).<\/p>\n<p>[\/et_pb_text][\/et_pb_column][\/et_pb_row][\/et_pb_section][et_pb_section fb_built=&#8221;1&#8243; admin_label=&#8221;Rooms&#8221; _builder_version=&#8221;3.22&#8243; custom_margin=&#8221;|||&#8221; custom_padding=&#8221;||6px|||&#8221;][et_pb_row column_structure=&#8221;1_3,1_3,1_3&#8243; _builder_version=&#8221;3.25&#8243;][et_pb_column type=&#8221;1_3&#8243; _builder_version=&#8221;3.25&#8243; custom_padding=&#8221;|||&#8221; custom_padding__hover=&#8221;|||&#8221;][et_pb_image src=&#8221;https:\/\/www.guesthouselasterrenas.com\/wp-content\/uploads\/2020\/03\/casadeli_playas_2.jpg&#8221; force_fullwidth=&#8221;on&#8221; align_tablet=&#8221;center&#8221; align_phone=&#8221;&#8221; align_last_edited=&#8221;on|desktop&#8221; _builder_version=&#8221;4.4.0&#8243; custom_margin_tablet=&#8221;||0px|&#8221; locked=&#8221;off&#8221;][\/et_pb_image][et_pb_text _builder_version=&#8221;4.4.0&#8243; text_font=&#8221;||||||||&#8221; text_line_height=&#8221;2em&#8221; header_font=&#8221;||||||||&#8221; header_3_font=&#8221;Raleway|700|||||||&#8221; header_3_font_size=&#8221;20px&#8221; header_3_line_height=&#8221;1.2em&#8221; hover_enabled=&#8221;0&#8243; header_3_font_size_tablet=&#8221;35px&#8221; header_3_font_size_phone=&#8221;25px&#8221; header_3_font_size_last_edited=&#8221;on|phone&#8221; locked=&#8221;off&#8221;]<\/p>\n<h3>Portillo<\/h3>\n<p><span>Este lugar es excelente para los principiantes, situado a 5 kil\u00f3metros de la ciudad de Las Terrenas y a pocos metros de la escuela de kitesurf. Aguas tranquilas y llanas, playa de arena blanca, como un sue\u00f1o.<\/span><\/p>\n<p>[\/et_pb_text][\/et_pb_column][et_pb_column type=&#8221;1_3&#8243; _builder_version=&#8221;3.25&#8243; custom_padding=&#8221;|||&#8221; custom_padding__hover=&#8221;|||&#8221;][et_pb_image src=&#8221;https:\/\/www.guesthouselasterrenas.com\/wp-content\/uploads\/2020\/03\/playas_cadadeli_1.jpg&#8221; force_fullwidth=&#8221;on&#8221; align_tablet=&#8221;center&#8221; align_phone=&#8221;&#8221; align_last_edited=&#8221;on|desktop&#8221; _builder_version=&#8221;4.4.0&#8243; custom_margin_tablet=&#8221;||0px|&#8221; locked=&#8221;off&#8221;][\/et_pb_image][et_pb_text _builder_version=&#8221;4.4.0&#8243; text_font=&#8221;||||||||&#8221; text_line_height=&#8221;2em&#8221; header_font=&#8221;||||||||&#8221; header_3_font=&#8221;Raleway|700|||||||&#8221; header_3_font_size=&#8221;20px&#8221; header_3_line_height=&#8221;1.2em&#8221; header_3_font_size_tablet=&#8221;35px&#8221; header_3_font_size_phone=&#8221;25px&#8221; header_3_font_size_last_edited=&#8221;on|phone&#8221; locked=&#8221;off&#8221;]<\/p>\n<h3>Punta Popy<\/h3>\n<p><span>Abre uno de los mayores cocoteros del mundo. Esta playa es un poco m\u00e1s frecuentada (m\u00e1s cerca del centro) y est\u00e1 reservada s\u00f3lo para expertos en cometas!<\/span><\/p>\n<p>[\/et_pb_text][\/et_pb_column][et_pb_column type=&#8221;1_3&#8243; _builder_version=&#8221;3.25&#8243; custom_padding=&#8221;|||&#8221; custom_padding__hover=&#8221;|||&#8221;][et_pb_image src=&#8221;https:\/\/www.guesthouselasterrenas.com\/wp-content\/uploads\/2020\/03\/casadeli_playas_1.jpg&#8221; force_fullwidth=&#8221;on&#8221; align_tablet=&#8221;center&#8221; align_phone=&#8221;&#8221; align_last_edited=&#8221;on|desktop&#8221; _builder_version=&#8221;4.4.0&#8243; custom_margin_tablet=&#8221;||0px|&#8221; locked=&#8221;off&#8221;][\/et_pb_image][et_pb_text _builder_version=&#8221;4.4.0&#8243; text_font=&#8221;||||||||&#8221; text_line_height=&#8221;2em&#8221; header_font=&#8221;||||||||&#8221; header_3_font=&#8221;Raleway|700|||||||&#8221; header_3_font_size=&#8221;20px&#8221; header_3_line_height=&#8221;1.2em&#8221; header_3_font_size_tablet=&#8221;35px&#8221; header_3_font_size_phone=&#8221;25px&#8221; header_3_font_size_last_edited=&#8221;on|phone&#8221; locked=&#8221;off&#8221;]<\/p>\n<h3>Playa Coson<\/h3>\n<p><span>Una playa con 5 km de rompientes de playa en el medio. Las olas son r\u00e1pidas y c\u00f3ncavas, ideales para los que aman surfear la pipa!<\/span><\/p>\n<h4><span><\/span><\/h4>\n<h4><span>RECOMENDADO PARA LOS SURFISTAS EXPERIMENTADOS<\/span><\/h4>\n<p>[\/et_pb_text][\/et_pb_column][\/et_pb_row][\/et_pb_section][et_pb_section fb_built=&#8221;1&#8243; admin_label=&#8221;About&#8221; _builder_version=&#8221;4.4.0&#8243; custom_margin=&#8221;||-3px|||&#8221; custom_padding=&#8221;0px||5px|||&#8221;][et_pb_row custom_padding_last_edited=&#8221;on|desktop&#8221; _builder_version=&#8221;4.4.0&#8243; custom_padding=&#8221;||||false|true&#8221; custom_padding_tablet=&#8221;|0px||0px||true&#8221; custom_padding_phone=&#8221;&#8221;][et_pb_column type=&#8221;4_4&#8243; _builder_version=&#8221;3.25&#8243; custom_padding=&#8221;|||&#8221; custom_padding__hover=&#8221;|||&#8221;][et_pb_text _builder_version=&#8221;4.4.0&#8243; text_font=&#8221;||||||||&#8221; text_font_size=&#8221;16px&#8221; text_line_height=&#8221;2em&#8221; header_font=&#8221;||||||||&#8221; header_2_font=&#8221;Raleway|700|||||||&#8221; header_2_font_size=&#8221;50px&#8221; header_2_line_height=&#8221;1.2em&#8221; header_6_font=&#8221;Raleway|700||on|||||&#8221; header_6_font_size=&#8221;16px&#8221; header_6_letter_spacing=&#8221;5px&#8221; header_6_line_height=&#8221;1.8em&#8221; text_orientation=&#8221;center&#8221; max_width_last_edited=&#8221;off|desktop&#8221; module_alignment=&#8221;center&#8221; custom_padding=&#8221;|0px||0px|false|false&#8221; header_2_font_size_tablet=&#8221;35px&#8221; header_2_font_size_phone=&#8221;25px&#8221; header_2_font_size_last_edited=&#8221;on|phone&#8221;]<\/p>\n<div class=\"fl-row fl-row-fixed-width fl-row-bg-none fl-node-5d39bb4609cf4\" data-node=\"5d39bb4609cf4\">\n<div class=\"fl-row-content-wrap\">\n<div class=\"fl-row-content fl-row-fixed-width fl-node-content\">\n<div class=\"fl-col-group fl-node-5d39bb460a80e\" data-node=\"5d39bb460a80e\">\n<div class=\"fl-col fl-node-5d39bb460a8ba\" data-node=\"5d39bb460a8ba\">\n<div class=\"fl-col-content fl-node-content\">\n<div class=\"fl-module fl-module-rich-text fl-node-5d39bb460c4cf\" data-node=\"5d39bb460c4cf\">\n<div class=\"fl-module-content fl-node-content\">\n<div class=\"fl-rich-text\">\n<p style=\"text-align: left\"><span>Para los expertos tambi\u00e9n ofrecemos la posibilidad de excursiones con viento en contra o viajes organizados con cometas a lo largo de toda la costa norte de la<br \/><\/span><span>Rep\u00fablica Dominicana<\/span><\/p>\n<\/div>\n<\/div>\n<\/div>\n<\/div>\n<\/div>\n<\/div>\n<\/div>\n<\/div>\n<\/div>\n<div class=\"fl-row fl-row-fixed-width fl-row-bg-none fl-node-5d39cc8bb59af\" data-node=\"5d39cc8bb59af\">\n<div class=\"fl-row-content-wrap\">\n<div class=\"fl-row-content fl-row-fixed-width fl-node-content\">\n<div class=\"fl-col-group fl-node-5d39cc8bb8cb2\" data-node=\"5d39cc8bb8cb2\">\n<div class=\"fl-col fl-node-5d39cc8bb8d25\" data-node=\"5d39cc8bb8d25\">\n<div class=\"fl-col-content fl-node-content\">\n<div class=\"fl-module fl-module-rich-text fl-node-5d39cc9161d80\" data-node=\"5d39cc9161d80\">\n<div class=\"fl-module-content fl-node-content\">\n<div class=\"fl-rich-text\">\n<h4 style=\"text-align: left\">OTROS PUNTOS SON SECRETOS<\/h4>\n<\/div>\n<\/div>\n<\/div>\n<\/div>\n<\/div>\n<\/div>\n<\/div>\n<\/div>\n<\/div>\n<p>[\/et_pb_text][\/et_pb_column][\/et_pb_row][\/et_pb_section][et_pb_section fb_built=&#8221;1&#8243; prev_background_color=&#8221;#ffffff&#8221; admin_label=&#8221;Contact&#8221; _builder_version=&#8221;4.4.0&#8243; background_color=&#8221;#b2b9c4&#8243; background_enable_color=&#8221;off&#8221; background_image=&#8221;https:\/\/www.guesthouselasterrenas.com\/wp-content\/uploads\/2020\/03\/las_terrenas_casadeli.jpg&#8221; custom_padding=&#8221;8vw|0px|8vw|0px|true|false&#8221; top_divider_style=&#8221;graph2&#8243; global_module=&#8221;635&#8243; saved_tabs=&#8221;all&#8221; locked=&#8221;off&#8221;][et_pb_row _builder_version=&#8221;4.4.0&#8243; custom_margin=&#8221;|||&#8221; custom_padding=&#8221;60px||30px||false|false&#8221;][et_pb_column type=&#8221;4_4&#8243; _builder_version=&#8221;3.25&#8243; custom_padding=&#8221;|||&#8221; custom_padding__hover=&#8221;|||&#8221;][et_pb_text _builder_version=&#8221;4.4.0&#8243; text_font=&#8221;||||||||&#8221; text_font_size=&#8221;16px&#8221; text_line_height=&#8221;2em&#8221; header_font=&#8221;||||||||&#8221; header_2_font=&#8221;Raleway|700|||||||&#8221; header_2_font_size=&#8221;50px&#8221; header_2_line_height=&#8221;1.2em&#8221; header_6_font=&#8221;Raleway|700||on|||||&#8221; header_6_font_size=&#8221;16px&#8221; header_6_letter_spacing=&#8221;5px&#8221; header_6_line_height=&#8221;1.8em&#8221; background_layout=&#8221;dark&#8221; max_width_tablet=&#8221;&#8221; max_width_phone=&#8221;&#8221; max_width_last_edited=&#8221;on|desktop&#8221; custom_padding=&#8221;30px||||false|false&#8221; header_2_font_size_tablet=&#8221;35px&#8221; header_2_font_size_phone=&#8221;25px&#8221; header_2_font_size_last_edited=&#8221;on|phone&#8221;]<\/p>\n<h6>\u00bfTiene alguna pregunta?<\/h6>\n<h2>Hable con el Anfitri\u00f3n<\/h2>\n<p>[\/et_pb_text][et_pb_button button_url=&#8221;\/?page_id=366&#8243; button_text=&#8221;Ponte en Contacto&#8221; button_alignment=&#8221;center&#8221; _builder_version=&#8221;4.4.0&#8243; button_icon_color=&#8221;#ffffff&#8221; button_border_radius_hover=&#8221;0px&#8221; locked=&#8221;off&#8221; button_text_size__hover_enabled=&#8221;off&#8221; button_one_text_size__hover_enabled=&#8221;off&#8221; button_two_text_size__hover_enabled=&#8221;off&#8221; button_text_color__hover_enabled=&#8221;off&#8221; button_one_text_color__hover_enabled=&#8221;off&#8221; button_two_text_color__hover_enabled=&#8221;off&#8221; button_border_width__hover_enabled=&#8221;off&#8221; button_one_border_width__hover_enabled=&#8221;off&#8221; button_two_border_width__hover_enabled=&#8221;off&#8221; button_border_color__hover_enabled=&#8221;off&#8221; button_one_border_color__hover_enabled=&#8221;off&#8221; button_two_border_color__hover_enabled=&#8221;off&#8221; button_border_radius__hover_enabled=&#8221;on|hover&#8221; button_border_radius__hover=&#8221;0px&#8221; button_one_border_radius__hover_enabled=&#8221;off&#8221; button_two_border_radius__hover_enabled=&#8221;off&#8221; button_letter_spacing__hover_enabled=&#8221;off&#8221; button_one_letter_spacing__hover_enabled=&#8221;off&#8221; button_two_letter_spacing__hover_enabled=&#8221;off&#8221; button_bg_color__hover_enabled=&#8221;off&#8221; button_one_bg_color__hover_enabled=&#8221;off&#8221; button_two_bg_color__hover_enabled=&#8221;off&#8221;][\/et_pb_button][\/et_pb_column][\/et_pb_row][\/et_pb_section]<\/p>\n","protected":false},"excerpt":{"rendered":"<p>Bienvenido a Las TerrenasLa Costa Norte de La Pen\u00ednsula de Saman\u00e1 En los a\u00f1os ochenta, Las Terrenas era un peque\u00f1o pueblo de pescadores, rodeado por amplias colinas y el oc\u00e9ano. Este lugar se abri\u00f3 al turismo despu\u00e9s de la llegada de la electricidad hace 10 a\u00f1os. Es un para\u00edso, un lugar \u00fanico en el Caribe, [&hellip;]<\/p>\n","protected":false},"author":1,"featured_media":0,"parent":0,"menu_order":0,"comment_status":"closed","ping_status":"closed","template":"","meta":{"_et_pb_use_builder":"on","_et_pb_old_content":"","_et_gb_content_width":"","_joinchat":[],"footnotes":""},"class_list":["post-1640","page","type-page","status-publish","hentry"],"_links":{"self":[{"href":"https:\/\/www.guesthouselasterrenas.com\/es\/wp-json\/wp\/v2\/pages\/1640","targetHints":{"allow":["GET"]}}],"collection":[{"href":"https:\/\/www.guesthouselasterrenas.com\/es\/wp-json\/wp\/v2\/pages"}],"about":[{"href":"https:\/\/www.guesthouselasterrenas.com\/es\/wp-json\/wp\/v2\/types\/page"}],"author":[{"embeddable":true,"href":"https:\/\/www.guesthouselasterrenas.com\/es\/wp-json\/wp\/v2\/users\/1"}],"replies":[{"embeddable":true,"href":"https:\/\/www.guesthouselasterrenas.com\/es\/wp-json\/wp\/v2\/comments?post=1640"}],"version-history":[{"count":8,"href":"https:\/\/www.guesthouselasterrenas.com\/es\/wp-json\/wp\/v2\/pages\/1640\/revisions"}],"predecessor-version":[{"id":1648,"href":"https:\/\/www.guesthouselasterrenas.com\/es\/wp-json\/wp\/v2\/pages\/1640\/revisions\/1648"}],"wp:attachment":[{"href":"https:\/\/www.guesthouselasterrenas.com\/es\/wp-json\/wp\/v2\/media?parent=1640"}],"curies":[{"name":"wp","href":"https:\/\/api.w.org\/{rel}","templated":true}]}}