{"id":1982,"date":"2020-04-06T10:44:41","date_gmt":"2020-04-06T14:44:41","guid":{"rendered":"http:\/\/casadeli.llevitate.com\/confirmacion-de-reserva\/la-transaccion-fallo\/"},"modified":"2020-04-06T10:44:41","modified_gmt":"2020-04-06T14:44:41","slug":"la-transaccion-fallo","status":"publish","type":"page","link":"https:\/\/www.guesthouselasterrenas.com\/es\/confirmacion-de-reserva\/la-transaccion-fallo\/","title":{"rendered":"La Transacci\u00f3n Fall\u00f3"},"content":{"rendered":"<p>Desafortunadamente, su transacci\u00f3n no puede ser completada en este momento. Por favor, int\u00e9ntelo de nuevo o p\u00f3ngase en contacto con nosotros.<\/p>\n","protected":false},"excerpt":{"rendered":"<p>Desafortunadamente, su transacci\u00f3n no puede ser completada en este momento. Por favor, int\u00e9ntelo de nuevo o p\u00f3ngase en contacto con nosotros.<\/p>\n","protected":false},"author":1,"featured_media":0,"parent":1969,"menu_order":0,"comment_status":"closed","ping_status":"closed","template":"","meta":{"_et_pb_use_builder":"","_et_pb_old_content":"","_et_gb_content_width":"","_joinchat":[],"footnotes":""},"class_list":["post-1982","page","type-page","status-publish","hentry"],"_links":{"self":[{"href":"https:\/\/www.guesthouselasterrenas.com\/es\/wp-json\/wp\/v2\/pages\/1982","targetHints":{"allow":["GET"]}}],"collection":[{"href":"https:\/\/www.guesthouselasterrenas.com\/es\/wp-json\/wp\/v2\/pages"}],"about":[{"href":"https:\/\/www.guesthouselasterrenas.com\/es\/wp-json\/wp\/v2\/types\/page"}],"author":[{"embeddable":true,"href":"https:\/\/www.guesthouselasterrenas.com\/es\/wp-json\/wp\/v2\/users\/1"}],"replies":[{"embeddable":true,"href":"https:\/\/www.guesthouselasterrenas.com\/es\/wp-json\/wp\/v2\/comments?post=1982"}],"version-history":[{"count":0,"href":"https:\/\/www.guesthouselasterrenas.com\/es\/wp-json\/wp\/v2\/pages\/1982\/revisions"}],"up":[{"embeddable":true,"href":"https:\/\/www.guesthouselasterrenas.com\/es\/wp-json\/wp\/v2\/pages\/1969"}],"wp:attachment":[{"href":"https:\/\/www.guesthouselasterrenas.com\/es\/wp-json\/wp\/v2\/media?parent=1982"}],"curies":[{"name":"wp","href":"https:\/\/api.w.org\/{rel}","templated":true}]}}