{"id":1649,"date":"2020-04-02T15:57:11","date_gmt":"2020-04-02T19:57:11","guid":{"rendered":"http:\/\/casadeli.llevitate.com\/las-terrenas\/"},"modified":"2020-04-02T15:58:06","modified_gmt":"2020-04-02T19:58:06","slug":"las-terrenas","status":"publish","type":"page","link":"https:\/\/www.guesthouselasterrenas.com\/fr\/las-terrenas\/","title":{"rendered":"Las Terrenas"},"content":{"rendered":"<p>[et_pb_section fb_built=&#8221;1&#8243; admin_label=&#8221;Header&#8221; _builder_version=&#8221;4.4.0&#8243; background_color_gradient_direction=&#8221;90deg&#8221; background_image=&#8221;https:\/\/www.guesthouselasterrenas.com\/wp-content\/uploads\/2020\/03\/Las_terrenas_casadeli3.jpeg&#8221; background_position=&#8221;bottom_center&#8221; custom_margin=&#8221;|||&#8221; custom_padding=&#8221;8vw||8vw||true&#8221;][et_pb_row _builder_version=&#8221;4.4.0&#8243;][et_pb_column type=&#8221;4_4&#8243; _builder_version=&#8221;3.25&#8243; custom_padding=&#8221;|||&#8221; custom_padding__hover=&#8221;|||&#8221;][et_pb_text _builder_version=&#8221;4.4.0&#8243; text_font=&#8221;||||||||&#8221; text_text_color=&#8221;#ffffff&#8221; header_font=&#8221;Raleway|700|||||||&#8221; header_font_size=&#8221;80px&#8221; header_line_height=&#8221;1.2em&#8221; header_5_font=&#8221;Raleway|700||on|||||&#8221; header_5_text_color=&#8221;#000000&#8243; header_5_font_size=&#8221;20px&#8221; header_5_letter_spacing=&#8221;0.5em&#8221; header_5_line_height=&#8221;1.8em&#8221; background_layout=&#8221;dark&#8221; header_font_size_tablet=&#8221;48px&#8221; header_font_size_phone=&#8221;32px&#8221; header_font_size_last_edited=&#8221;on|phone&#8221; header_5_font_size_tablet=&#8221;14px&#8221; header_5_font_size_phone=&#8221;12px&#8221; header_5_font_size_last_edited=&#8221;on|desktop&#8221; text_text_shadow_style=&#8221;preset2&#8243; text_text_shadow_color=&#8221;#000000&#8243;]<\/p>\n<h5><span style=\"color: #ffffff\">Bienvenue \u00e0 <\/span><\/h5>\n<h1><strong>Las Terrenas<\/strong><\/h1>\n<p>[\/et_pb_text][\/et_pb_column][\/et_pb_row][\/et_pb_section][et_pb_section fb_built=&#8221;1&#8243; admin_label=&#8221;About&#8221; _builder_version=&#8221;3.22&#8243; custom_margin=&#8221;||-3px|||&#8221; custom_padding=&#8221;||5px|||&#8221;][et_pb_row custom_padding_last_edited=&#8221;on|desktop&#8221; _builder_version=&#8221;3.25&#8243; custom_padding=&#8221;27px|100px|27px|100px|false|false&#8221; custom_padding_tablet=&#8221;|0px||0px||true&#8221; custom_padding_phone=&#8221;&#8221;][et_pb_column type=&#8221;4_4&#8243; _builder_version=&#8221;3.25&#8243; custom_padding=&#8221;|||&#8221; custom_padding__hover=&#8221;|||&#8221;][et_pb_text _builder_version=&#8221;4.4.0&#8243; text_font=&#8221;||||||||&#8221; text_font_size=&#8221;16px&#8221; text_line_height=&#8221;2em&#8221; header_font=&#8221;||||||||&#8221; header_2_font=&#8221;Raleway|700|||||||&#8221; header_2_font_size=&#8221;50px&#8221; header_2_line_height=&#8221;1.2em&#8221; header_6_font=&#8221;Raleway|700||on|||||&#8221; header_6_font_size=&#8221;16px&#8221; header_6_letter_spacing=&#8221;5px&#8221; header_6_line_height=&#8221;1.8em&#8221; text_orientation=&#8221;center&#8221; max_width=&#8221;700px&#8221; max_width_last_edited=&#8221;off|desktop&#8221; module_alignment=&#8221;center&#8221; header_2_font_size_tablet=&#8221;35px&#8221; header_2_font_size_phone=&#8221;25px&#8221; header_2_font_size_last_edited=&#8221;on|phone&#8221;]<\/p>\n<h2><b>C\u00f4te nord de<br \/> La<\/b><b> P\u00e9ninsule de Saman\u00e1<\/b><\/h2>\n<p style=\"text-align: justify\">Dans les ann\u00e9es 80, Las Terrenas \u00e9tait un petit village de p\u00eacheurs, entour\u00e9 de larges collines et de l&#8217;oc\u00e9an. Ce lieu s&#8217;est ouvert au tourisme apr\u00e8s l&#8217;arriv\u00e9e de l&#8217;\u00e9lectricit\u00e9 il y a 10 ans. C&#8217;est un paradis, un endroit unique dans les Cara\u00efbes, le seul endroit qui offre 30 km de plages vierges, avec du sable fin d&#8217;un blanc pur entour\u00e9 de cocotiers<\/p>\n<p style=\"text-align: justify\">La v\u00e9g\u00e9tation sauvage et luxuriante offre une vari\u00e9t\u00e9 d&#8217;arbres tropicaux que l&#8217;on ne trouve nulle part ailleurs. Certaines plages sont prot\u00e9g\u00e9es par plusieurs r\u00e9cifs coralliens, formant de nombreux petits lagons d&#8217;eau plate verts et bleus. \u00c0 certaines p\u00e9riodes de l&#8217;ann\u00e9e, les plages sont baign\u00e9es par des rouleaux qui permettent la pratique du surf, du kitesurf et du wakeboard.<\/p>\n<p style=\"text-align: justify\">Les plages de la R\u00e9publique dominicaine sont nombreuses, et vous pouvez naviguer dans un cadre magnifique et, avec un peu de chance, vous verrez des baleines \u00e0 bosse, des dauphins, des lamantins et des tortues&#8230;<\/p>\n<p style=\"text-align: justify\">Les baleines se reproduisent dans les eaux temp\u00e9r\u00e9es de la baie de Samana entre janvier et mars. Les instructeurs qui accompagnent ces voyages sont des professionnels qui connaissent le pays et ses lieux navigables depuis plus de 15 ans. Les excursions sont planifi\u00e9es en fonction du niveau des participants (non sugg\u00e9r\u00e9 pour les d\u00e9butants).<\/p>\n<p>[\/et_pb_text][\/et_pb_column][\/et_pb_row][\/et_pb_section][et_pb_section fb_built=&#8221;1&#8243; admin_label=&#8221;Rooms&#8221; _builder_version=&#8221;3.22&#8243; custom_margin=&#8221;|||&#8221; custom_padding=&#8221;||6px|||&#8221;][et_pb_row column_structure=&#8221;1_3,1_3,1_3&#8243; _builder_version=&#8221;3.25&#8243;][et_pb_column type=&#8221;1_3&#8243; _builder_version=&#8221;3.25&#8243; custom_padding=&#8221;|||&#8221; custom_padding__hover=&#8221;|||&#8221;][et_pb_image src=&#8221;https:\/\/www.guesthouselasterrenas.com\/wp-content\/uploads\/2020\/03\/casadeli_playas_2.jpg&#8221; force_fullwidth=&#8221;on&#8221; align_tablet=&#8221;center&#8221; align_phone=&#8221;&#8221; align_last_edited=&#8221;on|desktop&#8221; _builder_version=&#8221;4.4.0&#8243; custom_margin_tablet=&#8221;||0px|&#8221; locked=&#8221;off&#8221;][\/et_pb_image][et_pb_text _builder_version=&#8221;4.4.0&#8243; text_font=&#8221;||||||||&#8221; text_line_height=&#8221;2em&#8221; header_font=&#8221;||||||||&#8221; header_3_font=&#8221;Raleway|700|||||||&#8221; header_3_font_size=&#8221;20px&#8221; header_3_line_height=&#8221;1.2em&#8221; hover_enabled=&#8221;0&#8243; header_3_font_size_tablet=&#8221;35px&#8221; header_3_font_size_phone=&#8221;25px&#8221; header_3_font_size_last_edited=&#8221;on|phone&#8221; locked=&#8221;off&#8221;]<\/p>\n<h3>Portillo<\/h3>\n<p><span>Cet endroit est excellent pour les d\u00e9butants, situ\u00e9 \u00e0 5 kilom\u00e8tres de la ville de Las Terrenas et \u00e0 quelques m\u00e8tres seulement de l&#8217;\u00e9cole de kitesurf. Une eau calme et plate, une plage de sable blanc, comme dans un r\u00eave.<\/span><\/p>\n<p>[\/et_pb_text][\/et_pb_column][et_pb_column type=&#8221;1_3&#8243; _builder_version=&#8221;3.25&#8243; custom_padding=&#8221;|||&#8221; custom_padding__hover=&#8221;|||&#8221;][et_pb_image src=&#8221;https:\/\/www.guesthouselasterrenas.com\/wp-content\/uploads\/2020\/03\/playas_cadadeli_1.jpg&#8221; force_fullwidth=&#8221;on&#8221; align_tablet=&#8221;center&#8221; align_phone=&#8221;&#8221; align_last_edited=&#8221;on|desktop&#8221; _builder_version=&#8221;4.4.0&#8243; custom_margin_tablet=&#8221;||0px|&#8221; locked=&#8221;off&#8221;][\/et_pb_image][et_pb_text _builder_version=&#8221;4.4.0&#8243; text_font=&#8221;||||||||&#8221; text_line_height=&#8221;2em&#8221; header_font=&#8221;||||||||&#8221; header_3_font=&#8221;Raleway|700|||||||&#8221; header_3_font_size=&#8221;20px&#8221; header_3_line_height=&#8221;1.2em&#8221; header_3_font_size_tablet=&#8221;35px&#8221; header_3_font_size_phone=&#8221;25px&#8221; header_3_font_size_last_edited=&#8221;on|phone&#8221; locked=&#8221;off&#8221;]<\/p>\n<h3>Punta Popy<\/h3>\n<p><span>Ouvre l&#8217;une des plus grandes cocoteraies du monde. Cette plage est un peu plus fr\u00e9quent\u00e9e (plus proche du centre) et r\u00e9serv\u00e9e aux seuls experts en cerf-volant !<\/span><\/p>\n<p>[\/et_pb_text][\/et_pb_column][et_pb_column type=&#8221;1_3&#8243; _builder_version=&#8221;3.25&#8243; custom_padding=&#8221;|||&#8221; custom_padding__hover=&#8221;|||&#8221;][et_pb_image src=&#8221;https:\/\/www.guesthouselasterrenas.com\/wp-content\/uploads\/2020\/03\/casadeli_playas_1.jpg&#8221; force_fullwidth=&#8221;on&#8221; align_tablet=&#8221;center&#8221; align_phone=&#8221;&#8221; align_last_edited=&#8221;on|desktop&#8221; _builder_version=&#8221;4.4.0&#8243; custom_margin_tablet=&#8221;||0px|&#8221; locked=&#8221;off&#8221;][\/et_pb_image][et_pb_text _builder_version=&#8221;4.4.0&#8243; text_font=&#8221;||||||||&#8221; text_line_height=&#8221;2em&#8221; header_font=&#8221;||||||||&#8221; header_3_font=&#8221;Raleway|700|||||||&#8221; header_3_font_size=&#8221;20px&#8221; header_3_line_height=&#8221;1.2em&#8221; header_3_font_size_tablet=&#8221;35px&#8221; header_3_font_size_phone=&#8221;25px&#8221; header_3_font_size_last_edited=&#8221;on|phone&#8221; locked=&#8221;off&#8221;]<\/p>\n<h3>Playa Coson<\/h3>\n<p><span>Une plage avec 5 km de beach breaks au milieu. Les vagues sont rapides et concaves, id\u00e9ales pour ceux qui aiment surfer le pipe !<\/span><\/p>\n<h4><span><\/span><\/h4>\n<h4><span>RECOMMAND\u00c9 POUR LES SURFEURS EXP\u00c9RIMENT\u00c9S<\/span><\/h4>\n<p>[\/et_pb_text][\/et_pb_column][\/et_pb_row][\/et_pb_section][et_pb_section fb_built=&#8221;1&#8243; admin_label=&#8221;About&#8221; _builder_version=&#8221;4.4.0&#8243; custom_margin=&#8221;||-3px|||&#8221; custom_padding=&#8221;0px||5px|||&#8221;][et_pb_row custom_padding_last_edited=&#8221;on|desktop&#8221; _builder_version=&#8221;4.4.0&#8243; custom_padding=&#8221;||||false|true&#8221; custom_padding_tablet=&#8221;|0px||0px||true&#8221; custom_padding_phone=&#8221;&#8221;][et_pb_column type=&#8221;4_4&#8243; _builder_version=&#8221;3.25&#8243; custom_padding=&#8221;|||&#8221; custom_padding__hover=&#8221;|||&#8221;][et_pb_text _builder_version=&#8221;4.4.0&#8243; text_font=&#8221;||||||||&#8221; text_font_size=&#8221;16px&#8221; text_line_height=&#8221;2em&#8221; header_font=&#8221;||||||||&#8221; header_2_font=&#8221;Raleway|700|||||||&#8221; header_2_font_size=&#8221;50px&#8221; header_2_line_height=&#8221;1.2em&#8221; header_6_font=&#8221;Raleway|700||on|||||&#8221; header_6_font_size=&#8221;16px&#8221; header_6_letter_spacing=&#8221;5px&#8221; header_6_line_height=&#8221;1.8em&#8221; text_orientation=&#8221;center&#8221; max_width_last_edited=&#8221;off|desktop&#8221; module_alignment=&#8221;center&#8221; custom_padding=&#8221;|0px||0px|false|false&#8221; header_2_font_size_tablet=&#8221;35px&#8221; header_2_font_size_phone=&#8221;25px&#8221; header_2_font_size_last_edited=&#8221;on|phone&#8221;]<\/p>\n<div class=\"fl-row fl-row-fixed-width fl-row-bg-none fl-node-5d39bb4609cf4\" data-node=\"5d39bb4609cf4\">\n<div class=\"fl-row-content-wrap\">\n<div class=\"fl-row-content fl-row-fixed-width fl-node-content\">\n<div class=\"fl-col-group fl-node-5d39bb460a80e\" data-node=\"5d39bb460a80e\">\n<div class=\"fl-col fl-node-5d39bb460a8ba\" data-node=\"5d39bb460a8ba\">\n<div class=\"fl-col-content fl-node-content\">\n<div class=\"fl-module fl-module-rich-text fl-node-5d39bb460c4cf\" data-node=\"5d39bb460c4cf\">\n<div class=\"fl-module-content fl-node-content\">\n<div class=\"fl-rich-text\">\n<p style=\"text-align: left\"><span>Pour les experts, nous offrons \u00e9galement la possibilit\u00e9 de faire des excursions par vent arri\u00e8re ou des voyages organis\u00e9s de cerf-volant le long de toute la c\u00f4te nord de la<br \/><\/span><span> R\u00e9publique dominicaine<\/span><\/p>\n<\/div>\n<\/div>\n<\/div>\n<\/div>\n<\/div>\n<\/div>\n<\/div>\n<\/div>\n<\/div>\n<div class=\"fl-row fl-row-fixed-width fl-row-bg-none fl-node-5d39cc8bb59af\" data-node=\"5d39cc8bb59af\">\n<div class=\"fl-row-content-wrap\">\n<div class=\"fl-row-content fl-row-fixed-width fl-node-content\">\n<div class=\"fl-col-group fl-node-5d39cc8bb8cb2\" data-node=\"5d39cc8bb8cb2\">\n<div class=\"fl-col fl-node-5d39cc8bb8d25\" data-node=\"5d39cc8bb8d25\">\n<div class=\"fl-col-content fl-node-content\">\n<div class=\"fl-module fl-module-rich-text fl-node-5d39cc9161d80\" data-node=\"5d39cc9161d80\">\n<div class=\"fl-module-content fl-node-content\">\n<div class=\"fl-rich-text\">\n<h4 style=\"text-align: left\">LES AUTRES ENDROITS SONT SECRETS<\/h4>\n<\/div>\n<\/div>\n<\/div>\n<\/div>\n<\/div>\n<\/div>\n<\/div>\n<\/div>\n<\/div>\n<p>[\/et_pb_text][\/et_pb_column][\/et_pb_row][\/et_pb_section][et_pb_section fb_built=&#8221;1&#8243; prev_background_color=&#8221;#ffffff&#8221; admin_label=&#8221;Contact&#8221; _builder_version=&#8221;4.4.0&#8243; background_color=&#8221;#b2b9c4&#8243; background_enable_color=&#8221;off&#8221; background_image=&#8221;https:\/\/www.guesthouselasterrenas.com\/wp-content\/uploads\/2020\/03\/las_terrenas_casadeli.jpg&#8221; custom_padding=&#8221;8vw|0px|8vw|0px|true|false&#8221; top_divider_style=&#8221;graph2&#8243; global_module=&#8221;635&#8243; saved_tabs=&#8221;all&#8221; locked=&#8221;off&#8221;][et_pb_row _builder_version=&#8221;4.4.0&#8243; custom_margin=&#8221;|||&#8221; custom_padding=&#8221;60px||30px||false|false&#8221;][et_pb_column type=&#8221;4_4&#8243; _builder_version=&#8221;3.25&#8243; custom_padding=&#8221;|||&#8221; custom_padding__hover=&#8221;|||&#8221;][et_pb_text _builder_version=&#8221;4.4.0&#8243; text_font=&#8221;||||||||&#8221; text_font_size=&#8221;16px&#8221; text_line_height=&#8221;2em&#8221; header_font=&#8221;||||||||&#8221; header_2_font=&#8221;Raleway|700|||||||&#8221; header_2_font_size=&#8221;50px&#8221; header_2_line_height=&#8221;1.2em&#8221; header_6_font=&#8221;Raleway|700||on|||||&#8221; header_6_font_size=&#8221;16px&#8221; header_6_letter_spacing=&#8221;5px&#8221; header_6_line_height=&#8221;1.8em&#8221; background_layout=&#8221;dark&#8221; max_width_tablet=&#8221;&#8221; max_width_phone=&#8221;&#8221; max_width_last_edited=&#8221;on|desktop&#8221; custom_padding=&#8221;30px||||false|false&#8221; header_2_font_size_tablet=&#8221;35px&#8221; header_2_font_size_phone=&#8221;25px&#8221; header_2_font_size_last_edited=&#8221;on|phone&#8221;]<\/p>\n<h6>Vous avez une question ?<\/h6>\n<h2>Parler \u00e0 l&#8217;h\u00f4te<\/h2>\n<p>[\/et_pb_text][et_pb_button button_url=&#8221;\/?page_id=366&#8243; button_text=&#8221;Prenez Contact&#8221; button_alignment=&#8221;center&#8221; _builder_version=&#8221;4.4.0&#8243; button_icon_color=&#8221;#ffffff&#8221; button_border_radius_hover=&#8221;0px&#8221; locked=&#8221;off&#8221; button_text_size__hover_enabled=&#8221;off&#8221; button_one_text_size__hover_enabled=&#8221;off&#8221; button_two_text_size__hover_enabled=&#8221;off&#8221; button_text_color__hover_enabled=&#8221;off&#8221; button_one_text_color__hover_enabled=&#8221;off&#8221; button_two_text_color__hover_enabled=&#8221;off&#8221; button_border_width__hover_enabled=&#8221;off&#8221; button_one_border_width__hover_enabled=&#8221;off&#8221; button_two_border_width__hover_enabled=&#8221;off&#8221; button_border_color__hover_enabled=&#8221;off&#8221; button_one_border_color__hover_enabled=&#8221;off&#8221; button_two_border_color__hover_enabled=&#8221;off&#8221; button_border_radius__hover_enabled=&#8221;on|hover&#8221; button_border_radius__hover=&#8221;0px&#8221; button_one_border_radius__hover_enabled=&#8221;off&#8221; button_two_border_radius__hover_enabled=&#8221;off&#8221; button_letter_spacing__hover_enabled=&#8221;off&#8221; button_one_letter_spacing__hover_enabled=&#8221;off&#8221; button_two_letter_spacing__hover_enabled=&#8221;off&#8221; button_bg_color__hover_enabled=&#8221;off&#8221; button_one_bg_color__hover_enabled=&#8221;off&#8221; button_two_bg_color__hover_enabled=&#8221;off&#8221;][\/et_pb_button][\/et_pb_column][\/et_pb_row][\/et_pb_section]<\/p>\n","protected":false},"excerpt":{"rendered":"<p>Bienvenue \u00e0 Las TerrenasC\u00f4te nord de La P\u00e9ninsule de Saman\u00e1 Dans les ann\u00e9es 80, Las Terrenas \u00e9tait un petit village de p\u00eacheurs, entour\u00e9 de larges collines et de l&#8217;oc\u00e9an. Ce lieu s&#8217;est ouvert au tourisme apr\u00e8s l&#8217;arriv\u00e9e de l&#8217;\u00e9lectricit\u00e9 il y a 10 ans. C&#8217;est un paradis, un endroit unique dans les Cara\u00efbes, le seul [&hellip;]<\/p>\n","protected":false},"author":1,"featured_media":0,"parent":0,"menu_order":0,"comment_status":"closed","ping_status":"closed","template":"","meta":{"_et_pb_use_builder":"on","_et_pb_old_content":"","_et_gb_content_width":"","_joinchat":[],"footnotes":""},"class_list":["post-1649","page","type-page","status-publish","hentry"],"_links":{"self":[{"href":"https:\/\/www.guesthouselasterrenas.com\/fr\/wp-json\/wp\/v2\/pages\/1649","targetHints":{"allow":["GET"]}}],"collection":[{"href":"https:\/\/www.guesthouselasterrenas.com\/fr\/wp-json\/wp\/v2\/pages"}],"about":[{"href":"https:\/\/www.guesthouselasterrenas.com\/fr\/wp-json\/wp\/v2\/types\/page"}],"author":[{"embeddable":true,"href":"https:\/\/www.guesthouselasterrenas.com\/fr\/wp-json\/wp\/v2\/users\/1"}],"replies":[{"embeddable":true,"href":"https:\/\/www.guesthouselasterrenas.com\/fr\/wp-json\/wp\/v2\/comments?post=1649"}],"version-history":[{"count":5,"href":"https:\/\/www.guesthouselasterrenas.com\/fr\/wp-json\/wp\/v2\/pages\/1649\/revisions"}],"predecessor-version":[{"id":1654,"href":"https:\/\/www.guesthouselasterrenas.com\/fr\/wp-json\/wp\/v2\/pages\/1649\/revisions\/1654"}],"wp:attachment":[{"href":"https:\/\/www.guesthouselasterrenas.com\/fr\/wp-json\/wp\/v2\/media?parent=1649"}],"curies":[{"name":"wp","href":"https:\/\/api.w.org\/{rel}","templated":true}]}}