{"id":1793,"date":"2020-04-03T16:16:26","date_gmt":"2020-04-03T20:16:26","guid":{"rendered":"http:\/\/casadeli.llevitate.com\/art\/"},"modified":"2020-04-03T16:17:24","modified_gmt":"2020-04-03T20:17:24","slug":"art","status":"publish","type":"page","link":"https:\/\/www.guesthouselasterrenas.com\/fr\/art\/","title":{"rendered":"Art"},"content":{"rendered":"<p>[et_pb_section fb_built=&#8221;1&#8243; admin_label=&#8221;Header&#8221; _builder_version=&#8221;4.4.0&#8243; use_background_color_gradient=&#8221;on&#8221; background_color_gradient_start=&#8221;rgba(255,255,255,0.29)&#8221; background_color_gradient_end=&#8221;rgba(0,0,0,0)&#8221; background_color_gradient_direction=&#8221;109deg&#8221; background_color_gradient_overlays_image=&#8221;on&#8221; background_image=&#8221;https:\/\/www.guesthouselasterrenas.com\/wp-content\/uploads\/2020\/03\/beryl_theartofthemosaics181.jpg&#8221; custom_margin=&#8221;|||&#8221; custom_padding=&#8221;8vw||8vw||true&#8221;][et_pb_row _builder_version=&#8221;4.4.0&#8243;][et_pb_column type=&#8221;4_4&#8243; _builder_version=&#8221;3.25&#8243; custom_padding=&#8221;|||&#8221; custom_padding__hover=&#8221;|||&#8221;][et_pb_text _builder_version=&#8221;4.4.0&#8243; text_font=&#8221;||||||||&#8221; text_text_color=&#8221;#ffffff&#8221; header_font=&#8221;Raleway|700|||||||&#8221; header_font_size=&#8221;80px&#8221; header_line_height=&#8221;1.2em&#8221; header_5_font=&#8221;Raleway|700||on|||||&#8221; header_5_text_color=&#8221;#000000&#8243; header_5_font_size=&#8221;20px&#8221; header_5_letter_spacing=&#8221;0.5em&#8221; header_5_line_height=&#8221;1.8em&#8221; background_layout=&#8221;dark&#8221; header_font_size_tablet=&#8221;48px&#8221; header_font_size_phone=&#8221;32px&#8221; header_font_size_last_edited=&#8221;on|phone&#8221; header_5_font_size_tablet=&#8221;14px&#8221; header_5_font_size_phone=&#8221;12px&#8221; header_5_font_size_last_edited=&#8221;on|desktop&#8221; text_text_shadow_style=&#8221;preset2&#8243; text_text_shadow_color=&#8221;#000000&#8243;]<\/p>\n<h5><span style=\"color: #ffffff\">Une technique tr\u00e8s ancienne mais toujours nouvelle<\/span><\/h5>\n<h1>L\u2019Art de la Mozaique<\/h1>\n<p>[\/et_pb_text][\/et_pb_column][\/et_pb_row][\/et_pb_section][et_pb_section fb_built=&#8221;1&#8243; admin_label=&#8221;About&#8221; _builder_version=&#8221;3.22&#8243;][et_pb_row custom_padding_last_edited=&#8221;on|desktop&#8221; _builder_version=&#8221;4.4.0&#8243; max_width=&#8221;1000px&#8221; custom_padding=&#8221;30px|100px|40px|100px|false|true&#8221; custom_padding_tablet=&#8221;|0px||0px||true&#8221; custom_padding_phone=&#8221;&#8221;][et_pb_column type=&#8221;4_4&#8243; _builder_version=&#8221;3.25&#8243; custom_padding=&#8221;|||&#8221; custom_padding__hover=&#8221;|||&#8221;][et_pb_text _builder_version=&#8221;4.4.0&#8243; text_font=&#8221;||||||||&#8221; text_font_size=&#8221;16px&#8221; text_line_height=&#8221;2em&#8221; header_font=&#8221;||||||||&#8221; header_2_font=&#8221;Raleway|700|||||||&#8221; header_2_font_size=&#8221;50px&#8221; header_2_line_height=&#8221;1.2em&#8221; header_6_font=&#8221;Raleway|700||on|||||&#8221; header_6_font_size=&#8221;16px&#8221; header_6_letter_spacing=&#8221;5px&#8221; header_6_line_height=&#8221;1.8em&#8221; text_orientation=&#8221;center&#8221; max_width_last_edited=&#8221;off|desktop&#8221; module_alignment=&#8221;center&#8221; header_2_font_size_tablet=&#8221;35px&#8221; header_2_font_size_phone=&#8221;25px&#8221; header_2_font_size_last_edited=&#8221;on|phone&#8221;]<\/p>\n<h2>Beryl, une mosa\u00efste install\u00e9e \u00e0 <br \/>Las Terrenas<\/h2>\n<p style=\"text-align: left\">Arm\u00e9e d&#8217;un coupe-verre, de pinces, de colle et de p\u00e2tes, Beryl, mosa\u00efste install\u00e9e \u00e0 Las Terrenas depuis de nombreuses ann\u00e9es, donne vie \u00e0 des figures g\u00e9om\u00e9triques, des fleurs, des visages, des animaux qui \u00e9blouissent par leurs combinaisons de couleurs et de formes&#8230;<\/p>\n<p style=\"text-align: left\">D\u00e8s son plus jeune \u00e2ge, Wicked Beryl, comme on l&#8217;appelle, a \u00e9t\u00e9 inspir\u00e9e par la technique &#8221; trencadi &#8221; de Gaudi et a eu la chance de travailler avec Niki de Saint Phalle sur son chef-d&#8217;\u0153uvre italien, le Jardin des Tarots, et en France. C&#8217;est rapidement devenu sa fa\u00e7on de s&#8217;exprimer artistiquement.<\/p>\n<p style=\"text-align: left\">Beryl adapte son art \u00e0 toutes sortes d&#8217;\u00e9l\u00e9ments d\u00e9coratifs tels que panneaux, meubles, sols, colonnes, gattes, fontaines, etc&#8230;<\/p>\n<p>[\/et_pb_text][\/et_pb_column][\/et_pb_row][et_pb_row _builder_version=&#8221;4.4.0&#8243; custom_padding=&#8221;||1px|||&#8221;][et_pb_column type=&#8221;4_4&#8243; _builder_version=&#8221;4.4.0&#8243;][et_pb_image src=&#8221;https:\/\/www.guesthouselasterrenas.com\/wp-content\/uploads\/2020\/03\/beryl_theartofthemosaics9.jpg&#8221; show_in_lightbox=&#8221;on&#8221; _builder_version=&#8221;4.4.0&#8243;][\/et_pb_image][et_pb_gallery gallery_ids=&#8221;446,449,452,455,458,461,464,467,470,473,476,479,482,485,488,491,497,500,503,506,512,515,518,521,524,527,530,533,536,539,542,545,548,551,554,557,560,563,566,569,572,575,578,581,590,602,605,608,611,614,617,620,623&#8243; show_title_and_caption=&#8221;off&#8221; _builder_version=&#8221;4.4.0&#8243;][\/et_pb_gallery][\/et_pb_column][\/et_pb_row][\/et_pb_section][et_pb_section fb_built=&#8221;1&#8243; specialty=&#8221;on&#8221; admin_label=&#8221;Room&#8221; _builder_version=&#8221;3.22&#8243;][et_pb_column type=&#8221;1_2&#8243; specialty_columns=&#8221;2&#8243; _builder_version=&#8221;3.25&#8243; custom_padding=&#8221;|||&#8221; custom_padding__hover=&#8221;|||&#8221;][et_pb_row_inner _builder_version=&#8221;3.25&#8243;][et_pb_column_inner saved_specialty_column_type=&#8221;1_2&#8243; _builder_version=&#8221;3.25&#8243; custom_padding=&#8221;|||&#8221; custom_padding__hover=&#8221;|||&#8221;][et_pb_image src=&#8221;https:\/\/www.guesthouselasterrenas.com\/wp-content\/uploads\/2020\/03\/beryl_theartofthemosaics16.jpg&#8221; show_in_lightbox=&#8221;on&#8221; align_tablet=&#8221;center&#8221; align_phone=&#8221;&#8221; align_last_edited=&#8221;on|desktop&#8221; _builder_version=&#8221;4.4.0&#8243; locked=&#8221;off&#8221;][\/et_pb_image][\/et_pb_column_inner][\/et_pb_row_inner][\/et_pb_column][et_pb_column type=&#8221;1_2&#8243; _builder_version=&#8221;3.25&#8243; custom_padding=&#8221;|||&#8221; custom_padding__hover=&#8221;|||&#8221;][et_pb_text _builder_version=&#8221;4.4.0&#8243; text_font=&#8221;||||||||&#8221; text_font_size=&#8221;16px&#8221; text_line_height=&#8221;2em&#8221; ul_font=&#8221;||||||||&#8221; ul_line_height=&#8221;2em&#8221; header_font=&#8221;||||||||&#8221; header_3_font=&#8221;Raleway|700|||||||&#8221; header_3_font_size=&#8221;40px&#8221; header_3_line_height=&#8221;1.4em&#8221; header_6_line_height=&#8221;1.8em&#8221; custom_padding=&#8221;80px||80px||true|false&#8221; header_3_font_size_tablet=&#8221;35px&#8221; header_3_font_size_phone=&#8221;25px&#8221; header_3_font_size_last_edited=&#8221;on|phone&#8221; locked=&#8221;off&#8221;]<\/p>\n<h3>Les mati\u00e8res premi\u00e8res<\/h3>\n<p>Les mati\u00e8res premi\u00e8res que Beryl utilise sont des morceaux de verre, des pierres, des fragments d&#8217;assiettes ou de tasses, des carreaux de c\u00e9ramique rejet\u00e9s ou restants et m\u00eame des perles et des boutons de verre .<\/p>\n<p>[\/et_pb_text][\/et_pb_column][\/et_pb_section][et_pb_section fb_built=&#8221;1&#8243; specialty=&#8221;on&#8221; admin_label=&#8221;Room&#8221; _builder_version=&#8221;3.22&#8243;][et_pb_column type=&#8221;1_2&#8243; _builder_version=&#8221;3.25&#8243; custom_padding=&#8221;|||&#8221; custom_padding__hover=&#8221;|||&#8221;][et_pb_text _builder_version=&#8221;4.4.0&#8243; text_font=&#8221;||||||||&#8221; text_font_size=&#8221;16px&#8221; text_line_height=&#8221;2em&#8221; ul_font=&#8221;||||||||&#8221; ul_line_height=&#8221;2em&#8221; header_font=&#8221;||||||||&#8221; header_3_font=&#8221;Raleway|700|||||||&#8221; header_3_font_size=&#8221;35px&#8221; header_3_line_height=&#8221;1.4em&#8221; header_6_line_height=&#8221;1.8em&#8221; custom_padding=&#8221;66px|0px|66px||false|false&#8221; header_3_font_size_tablet=&#8221;35px&#8221; header_3_font_size_phone=&#8221;25px&#8221; header_3_font_size_last_edited=&#8221;on|phone&#8221; locked=&#8221;off&#8221;]<\/p>\n<h3>Recyclage et imagination<\/h3>\n<p>Bien souvent, les objets qu&#8217;elle croise au hasard alimentent sa cr\u00e9ativit\u00e9, un morceau de bois \u00e0 la d\u00e9rive ou un objet jet\u00e9 par un voisin : le recyclage et l&#8217;imagination sont les r\u00e8gles de cet art.<\/p>\n<p>[\/et_pb_text][\/et_pb_column][et_pb_column type=&#8221;1_2&#8243; specialty_columns=&#8221;2&#8243; _builder_version=&#8221;3.25&#8243; custom_padding=&#8221;|||&#8221; custom_padding__hover=&#8221;|||&#8221;][et_pb_row_inner _builder_version=&#8221;3.25&#8243;][et_pb_column_inner saved_specialty_column_type=&#8221;1_2&#8243; _builder_version=&#8221;3.25&#8243; custom_padding=&#8221;|||&#8221; custom_padding__hover=&#8221;|||&#8221;][et_pb_image src=&#8221;https:\/\/www.guesthouselasterrenas.com\/wp-content\/uploads\/2020\/03\/beryl_theartofthemosaics59.jpg&#8221; show_in_lightbox=&#8221;on&#8221; align_tablet=&#8221;center&#8221; align_phone=&#8221;&#8221; align_last_edited=&#8221;on|desktop&#8221; _builder_version=&#8221;4.4.0&#8243; locked=&#8221;off&#8221;][\/et_pb_image][\/et_pb_column_inner][\/et_pb_row_inner][\/et_pb_column][\/et_pb_section][et_pb_section fb_built=&#8221;1&#8243; specialty=&#8221;on&#8221; admin_label=&#8221;Room&#8221; _builder_version=&#8221;3.22&#8243; custom_padding=&#8221;||82px|||&#8221;][et_pb_column type=&#8221;1_2&#8243; specialty_columns=&#8221;2&#8243; _builder_version=&#8221;3.25&#8243; custom_padding=&#8221;|||&#8221; custom_padding__hover=&#8221;|||&#8221;][et_pb_row_inner _builder_version=&#8221;3.25&#8243;][et_pb_column_inner saved_specialty_column_type=&#8221;1_2&#8243; _builder_version=&#8221;3.25&#8243; custom_padding=&#8221;|||&#8221; custom_padding__hover=&#8221;|||&#8221;][et_pb_image src=&#8221;https:\/\/www.guesthouselasterrenas.com\/wp-content\/uploads\/2020\/03\/beryl_theartofthemosaics4.jpg&#8221; show_in_lightbox=&#8221;on&#8221; align_tablet=&#8221;center&#8221; align_phone=&#8221;&#8221; align_last_edited=&#8221;on|desktop&#8221; _builder_version=&#8221;4.4.0&#8243; locked=&#8221;off&#8221;][\/et_pb_image][\/et_pb_column_inner][\/et_pb_row_inner][\/et_pb_column][et_pb_column type=&#8221;1_2&#8243; _builder_version=&#8221;3.25&#8243; custom_padding=&#8221;|||&#8221; custom_padding__hover=&#8221;|||&#8221;][et_pb_text _builder_version=&#8221;4.4.0&#8243; text_font=&#8221;||||||||&#8221; text_font_size=&#8221;16px&#8221; text_line_height=&#8221;2em&#8221; ul_font=&#8221;||||||||&#8221; ul_line_height=&#8221;2em&#8221; header_font=&#8221;||||||||&#8221; header_3_font=&#8221;Raleway|700|||||||&#8221; header_3_font_size=&#8221;35px&#8221; header_3_line_height=&#8221;1.4em&#8221; header_6_line_height=&#8221;1.8em&#8221; custom_padding=&#8221;55px||55px||true|false&#8221; header_3_font_size_tablet=&#8221;35px&#8221; header_3_font_size_phone=&#8221;25px&#8221; header_3_font_size_last_edited=&#8221;on|phone&#8221; locked=&#8221;off&#8221;]<\/p>\n<h3>Transmettre, Partager et Colorier<\/h3>\n<p>Ajoutant une touche de plasticit\u00e9 au d\u00e9cor de la maison. L&#8217;inspiration peut venir de n&#8217;importe o\u00f9, d&#8217;un paysage, d&#8217;une \u00e9motion.<br \/> C&#8217;est le d\u00e9sir de transmettre, de partager, c&#8217;est laisser vos sensations prendre forme et couleur.<\/p>\n<p>[\/et_pb_text][\/et_pb_column][\/et_pb_section][et_pb_section fb_built=&#8221;1&#8243; specialty=&#8221;on&#8221; admin_label=&#8221;Room&#8221; _builder_version=&#8221;3.22&#8243;][et_pb_column type=&#8221;1_2&#8243; _builder_version=&#8221;3.25&#8243; custom_padding=&#8221;|||&#8221; custom_padding__hover=&#8221;|||&#8221;][et_pb_text _builder_version=&#8221;4.4.0&#8243; text_font=&#8221;||||||||&#8221; text_font_size=&#8221;16px&#8221; text_line_height=&#8221;2em&#8221; ul_font=&#8221;||||||||&#8221; ul_line_height=&#8221;2em&#8221; header_font=&#8221;||||||||&#8221; header_3_font=&#8221;Raleway|700|||||||&#8221; header_3_font_size=&#8221;35px&#8221; header_3_line_height=&#8221;1.4em&#8221; header_6_line_height=&#8221;1.8em&#8221; custom_padding=&#8221;66px|0px|66px||false|false&#8221; header_3_font_size_tablet=&#8221;35px&#8221; header_3_font_size_phone=&#8221;25px&#8221; header_3_font_size_last_edited=&#8221;on|phone&#8221; locked=&#8221;off&#8221;]<\/p>\n<h3>O\u00f9 commence la magie<\/h3>\n<p>L&#8217;atelier de Wicked Beryl<\/p>\n<p>[\/et_pb_text][\/et_pb_column][et_pb_column type=&#8221;1_2&#8243; specialty_columns=&#8221;2&#8243; _builder_version=&#8221;3.25&#8243; custom_padding=&#8221;|||&#8221; custom_padding__hover=&#8221;|||&#8221;][et_pb_row_inner _builder_version=&#8221;3.25&#8243;][et_pb_column_inner saved_specialty_column_type=&#8221;1_2&#8243; _builder_version=&#8221;3.25&#8243; custom_padding=&#8221;|||&#8221; custom_padding__hover=&#8221;|||&#8221;][et_pb_image src=&#8221;https:\/\/www.guesthouselasterrenas.com\/wp-content\/uploads\/2020\/03\/beryl_theartofthemosaics37.jpg&#8221; show_in_lightbox=&#8221;on&#8221; align_tablet=&#8221;center&#8221; align_phone=&#8221;&#8221; align_last_edited=&#8221;on|desktop&#8221; _builder_version=&#8221;4.4.0&#8243; locked=&#8221;off&#8221;][\/et_pb_image][\/et_pb_column_inner][\/et_pb_row_inner][\/et_pb_column][\/et_pb_section][et_pb_section fb_built=&#8221;1&#8243; _builder_version=&#8221;4.4.0&#8243; custom_padding=&#8221;50px|||||&#8221;][et_pb_row _builder_version=&#8221;4.4.0&#8243;][et_pb_column type=&#8221;4_4&#8243; _builder_version=&#8221;4.4.0&#8243;][et_pb_text _builder_version=&#8221;4.4.0&#8243; text_font=&#8221;||||||||&#8221; text_font_size=&#8221;16px&#8221; text_line_height=&#8221;2em&#8221; header_font=&#8221;||||||||&#8221; header_2_font=&#8221;Raleway|700|||||||&#8221; header_2_font_size=&#8221;50px&#8221; header_2_line_height=&#8221;1.2em&#8221; header_6_font=&#8221;Raleway|700||on|||||&#8221; header_6_font_size=&#8221;16px&#8221; header_6_letter_spacing=&#8221;5px&#8221; header_6_line_height=&#8221;1.8em&#8221; text_orientation=&#8221;center&#8221; max_width_last_edited=&#8221;off|desktop&#8221; module_alignment=&#8221;center&#8221; custom_margin=&#8221;||-5px|||&#8221; header_2_font_size_tablet=&#8221;35px&#8221; header_2_font_size_phone=&#8221;25px&#8221; header_2_font_size_last_edited=&#8221;on|phone&#8221;]<\/p>\n<h2>La &#8220;BATEA&#8221;, objet de l&#8217;ART<\/h2>\n<p style=\"text-align: left\">[\/et_pb_text][\/et_pb_column][\/et_pb_row][et_pb_row _builder_version=&#8221;4.4.0&#8243; custom_margin=&#8221;-12px|auto||auto||&#8221;][et_pb_column type=&#8221;4_4&#8243; _builder_version=&#8221;4.4.0&#8243;][et_pb_text _builder_version=&#8221;4.4.0&#8243; header_3_font=&#8221;Raleway||||||||&#8221; header_4_font=&#8221;Raleway|300|||||||&#8221; header_4_font_size=&#8221;21px&#8221;]<\/p>\n<h4 style=\"text-align: center\">Dans une de ses c\u00e9l\u00e8bres ballades, Georges Brassens a chant\u00e9,<\/h4>\n<h3 style=\"text-align: center\">&#8220;car sans talent, un don n&#8217;est rien d&#8217;autre qu&#8217;une sale habitude&#8221;.<\/h3>\n<p>[\/et_pb_text][\/et_pb_column][\/et_pb_row][et_pb_row column_structure=&#8221;1_3,1_3,1_3&#8243; _builder_version=&#8221;4.4.0&#8243;][et_pb_column type=&#8221;1_3&#8243; _builder_version=&#8221;4.4.0&#8243;][et_pb_text _builder_version=&#8221;4.4.0&#8243;]<\/p>\n<p><strong>B\u00e9ryl la m\u00e9chante<\/strong>\/ Beryl \/ a sans doute le &#8220;don&#8221; \/ et certainement celui de son plus jeune \u00e2ge \/ mais elle ne s&#8217;en est pas content\u00e9e ; tr\u00e8s vite ; d\u00e8s son adolescence \/ on peut le dire, &#8220;sauvage&#8221; \/ Beryl s&#8217;est forc\u00e9e \u00e0 acqu\u00e9rir le &#8220;talent&#8221;, et m\u00eame avec une sorte de f\u00e9rocit\u00e9, la vocation de comprendre, d&#8217;apprendre les &#8220;techniques&#8221; d&#8217;expression visuelle, de pr\u00e9sentation, de repr\u00e9sentation des formes et des couleurs. Traduit avec www.DeepL.com\/Translator (version gratuite)<\/p>\n<p>Nous ne retracerons pas ici son parcours apr\u00e8s trois ann\u00e9es d&#8217;\u00e9tudes \u00e0 l&#8217;Institut Sup\u00e9rieur des Arts Appliqu\u00e9s (ISAA) de Paris &#8230; il serait difficile, en effet, aussi multiforme qu&#8217;il ait \u00e9t\u00e9, \u00e0 l&#8217;aff\u00fbt des opportunit\u00e9s, des rencontres et des m\u00e9tissages &#8230; tant qu&#8217;on aurait pu se tromper, le sentir aussi bien qu&#8217;un dilettante d\u00e9lirant.<\/p>\n<p>Les arts de la mode, les mannequins, la coupe, la couture, avec un Zuli Bet &#8230; <\/p>\n<p>&nbsp;<\/p>\n<p>[\/et_pb_text][\/et_pb_column][et_pb_column type=&#8221;1_3&#8243; _builder_version=&#8221;4.4.0&#8243;][et_pb_text _builder_version=&#8221;4.4.0&#8243;]<\/p>\n<p>Les costumes de la sc\u00e8ne Hip Hop avec un Jean Fran\u00e7ois Duroure, de la sc\u00e8ne classique avec une Manon Landowski &#8230;.<\/p>\n<p>Arts de la teinture avec l&#8217;apprentissage du &#8220;Batik&#8221; sur le m\u00eame lieu en Indon\u00e9sie : de l&#8217;\u00e9tude du &#8220;Sanganer&#8221; sous l&#8217;\u00e9gide de Krishna Riboud &#8230; de la pratique de la s\u00e9rigraphie &#8230; des arts de l&#8217;expression &#8220;formelle&#8221; au Colombia College de Chicago.<\/p>\n<p>Et &#8230; Formation exigeante dans la pratique de la sculpture c\u00e9ramique, comme peau, comme formes d&#8217;emballage avec Nikki de Saint Phalle au &#8220;Jardin des Tarots&#8221; de Garaviccio en Toscane et en France, mosa\u00efque de d\u00e9coration urbaine avec Wabb\u00e9 \u00e0 Choisi le Roi.<\/p>\n<p>Beryl a \u00e9t\u00e9 partout, on pourrait dire tout ce qu&#8217;elle a pu accomplir dans sa qu\u00eate pour forcer son talent, pour devenir une artiste en fait.<\/p>\n<p>[\/et_pb_text][\/et_pb_column][et_pb_column type=&#8221;1_3&#8243; _builder_version=&#8221;4.4.0&#8243;][et_pb_text _builder_version=&#8221;4.4.0&#8243;]<\/p>\n<p>C&#8217;est Nikki de Saint Phalle, cet artiste multiforme et accompli, avec une personnalit\u00e9 aussi frappante que le fer rouge, qui lui a dit \u00e0 propos de l&#8217;artiste &#8220;qu&#8217;il \u00e9tait comme un tambour qui ne r\u00e9sonnait vraiment que lorsqu&#8217;il \u00e9tait frapp\u00e9 par une tensi\u00f3n&#8221;.<br \/> Et voici B\u00e9ryl, un \u00eatre en tension, et en fait un personnage assez formidable, dans lequel tout r\u00e9sonne profond\u00e9ment et s&#8217;amplifie, jusqu&#8217;\u00e0 l&#8217;explosion du bonheur.<\/p>\n<p>N&#8217;\u00e9tait-il pas &#8220;naturel&#8221; pour elle, dans le pays o\u00f9 elle vit aujourd&#8217;hui, de s&#8217;emparer de cette expression esth\u00e9tique la plus quotidienne, la &#8220;BATEA&#8221;.<br \/> Il fallait qu&#8217;elle comprenne et int\u00e8gre la fonction et le message.<br \/> Elle l&#8217;a. Non seulement compris, appris, mais repris dans la lign\u00e9e de son propre &#8220;expressionnisme&#8221;.<\/p>\n<p>[\/et_pb_text][\/et_pb_column][\/et_pb_row][et_pb_row _builder_version=&#8221;4.4.0&#8243; custom_padding=&#8221;||1px|||&#8221;][et_pb_column type=&#8221;4_4&#8243; _builder_version=&#8221;4.4.0&#8243;][et_pb_image src=&#8221;https:\/\/www.guesthouselasterrenas.com\/wp-content\/uploads\/2020\/04\/P1020067.jpg&#8221; show_in_lightbox=&#8221;on&#8221; _builder_version=&#8221;4.4.0&#8243; hover_enabled=&#8221;0&#8243;][\/et_pb_image][et_pb_gallery gallery_ids=&#8221;596,593,584,587,494,599,1582,1585,1588,1591,1603,1594,1597,1600,509&#8243; show_title_and_caption=&#8221;off&#8221; _builder_version=&#8221;4.4.0&#8243; hover_enabled=&#8221;0&#8243;][\/et_pb_gallery][\/et_pb_column][\/et_pb_row][\/et_pb_section][et_pb_section fb_built=&#8221;1&#8243; prev_background_color=&#8221;#ffffff&#8221; admin_label=&#8221;Contact&#8221; _builder_version=&#8221;4.4.0&#8243; background_color=&#8221;#b2b9c4&#8243; background_enable_color=&#8221;off&#8221; background_image=&#8221;https:\/\/www.guesthouselasterrenas.com\/wp-content\/uploads\/2020\/03\/las_terrenas_casadeli.jpg&#8221; custom_padding=&#8221;8vw|0px|8vw|0px|true|false&#8221; top_divider_style=&#8221;graph2&#8243; global_module=&#8221;635&#8243; saved_tabs=&#8221;all&#8221; locked=&#8221;off&#8221;][et_pb_row _builder_version=&#8221;4.4.0&#8243; custom_margin=&#8221;|||&#8221; custom_padding=&#8221;60px||30px||false|false&#8221;][et_pb_column type=&#8221;4_4&#8243; _builder_version=&#8221;3.25&#8243; custom_padding=&#8221;|||&#8221; custom_padding__hover=&#8221;|||&#8221;][et_pb_text _builder_version=&#8221;4.4.0&#8243; text_font=&#8221;||||||||&#8221; text_font_size=&#8221;16px&#8221; text_line_height=&#8221;2em&#8221; header_font=&#8221;||||||||&#8221; header_2_font=&#8221;Raleway|700|||||||&#8221; header_2_font_size=&#8221;50px&#8221; header_2_line_height=&#8221;1.2em&#8221; header_6_font=&#8221;Raleway|700||on|||||&#8221; header_6_font_size=&#8221;16px&#8221; header_6_letter_spacing=&#8221;5px&#8221; header_6_line_height=&#8221;1.8em&#8221; background_layout=&#8221;dark&#8221; max_width_tablet=&#8221;&#8221; max_width_phone=&#8221;&#8221; max_width_last_edited=&#8221;on|desktop&#8221; custom_padding=&#8221;30px||||false|false&#8221; header_2_font_size_tablet=&#8221;35px&#8221; header_2_font_size_phone=&#8221;25px&#8221; header_2_font_size_last_edited=&#8221;on|phone&#8221;]<\/p>\n<h6>Vous avez une question ?<\/h6>\n<h2>Parler \u00e0 l&#8217;h\u00f4te<\/h2>\n<p>[\/et_pb_text][et_pb_button button_url=&#8221;https:\/\/www.guesthouselasterrenas.com\/contactez-nous\/?lang=fr&#8221; button_text=&#8221;Prenez Contact&#8221; button_alignment=&#8221;center&#8221; _builder_version=&#8221;4.4.0&#8243; button_icon_color=&#8221;#ffffff&#8221; button_border_radius_hover=&#8221;0px&#8221; locked=&#8221;off&#8221; button_text_size__hover_enabled=&#8221;off&#8221; button_one_text_size__hover_enabled=&#8221;off&#8221; button_two_text_size__hover_enabled=&#8221;off&#8221; button_text_color__hover_enabled=&#8221;off&#8221; button_one_text_color__hover_enabled=&#8221;off&#8221; button_two_text_color__hover_enabled=&#8221;off&#8221; button_border_width__hover_enabled=&#8221;off&#8221; button_one_border_width__hover_enabled=&#8221;off&#8221; button_two_border_width__hover_enabled=&#8221;off&#8221; button_border_color__hover_enabled=&#8221;off&#8221; button_one_border_color__hover_enabled=&#8221;off&#8221; button_two_border_color__hover_enabled=&#8221;off&#8221; button_border_radius__hover_enabled=&#8221;on|hover&#8221; button_border_radius__hover=&#8221;0px&#8221; button_one_border_radius__hover_enabled=&#8221;off&#8221; button_two_border_radius__hover_enabled=&#8221;off&#8221; button_letter_spacing__hover_enabled=&#8221;off&#8221; button_one_letter_spacing__hover_enabled=&#8221;off&#8221; button_two_letter_spacing__hover_enabled=&#8221;off&#8221; button_bg_color__hover_enabled=&#8221;off&#8221; button_one_bg_color__hover_enabled=&#8221;off&#8221; button_two_bg_color__hover_enabled=&#8221;off&#8221;][\/et_pb_button][\/et_pb_column][\/et_pb_row][\/et_pb_section]<\/p>\n","protected":false},"excerpt":{"rendered":"<p>Une technique tr\u00e8s ancienne mais toujours nouvelle L\u2019Art de la MozaiqueBeryl, une mosa\u00efste install\u00e9e \u00e0 Las Terrenas Arm\u00e9e d&#8217;un coupe-verre, de pinces, de colle et de p\u00e2tes, Beryl, mosa\u00efste install\u00e9e \u00e0 Las Terrenas depuis de nombreuses ann\u00e9es, donne vie \u00e0 des figures g\u00e9om\u00e9triques, des fleurs, des visages, des animaux qui \u00e9blouissent par leurs combinaisons de [&hellip;]<\/p>\n","protected":false},"author":1,"featured_media":0,"parent":0,"menu_order":0,"comment_status":"closed","ping_status":"closed","template":"","meta":{"_et_pb_use_builder":"on","_et_pb_old_content":"<!-- wp:divi\/placeholder \/-->","_et_gb_content_width":"","_joinchat":[],"footnotes":""},"class_list":["post-1793","page","type-page","status-publish","hentry"],"_links":{"self":[{"href":"https:\/\/www.guesthouselasterrenas.com\/fr\/wp-json\/wp\/v2\/pages\/1793","targetHints":{"allow":["GET"]}}],"collection":[{"href":"https:\/\/www.guesthouselasterrenas.com\/fr\/wp-json\/wp\/v2\/pages"}],"about":[{"href":"https:\/\/www.guesthouselasterrenas.com\/fr\/wp-json\/wp\/v2\/types\/page"}],"author":[{"embeddable":true,"href":"https:\/\/www.guesthouselasterrenas.com\/fr\/wp-json\/wp\/v2\/users\/1"}],"replies":[{"embeddable":true,"href":"https:\/\/www.guesthouselasterrenas.com\/fr\/wp-json\/wp\/v2\/comments?post=1793"}],"version-history":[{"count":11,"href":"https:\/\/www.guesthouselasterrenas.com\/fr\/wp-json\/wp\/v2\/pages\/1793\/revisions"}],"predecessor-version":[{"id":1804,"href":"https:\/\/www.guesthouselasterrenas.com\/fr\/wp-json\/wp\/v2\/pages\/1793\/revisions\/1804"}],"wp:attachment":[{"href":"https:\/\/www.guesthouselasterrenas.com\/fr\/wp-json\/wp\/v2\/media?parent=1793"}],"curies":[{"name":"wp","href":"https:\/\/api.w.org\/{rel}","templated":true}]}}